{"id":1896,"date":"2020-12-29T10:51:46","date_gmt":"2020-12-29T10:51:46","guid":{"rendered":"http:\/\/emed4all.ahsolaj.wdsite.hu\/scn4all\/"},"modified":"2021-02-10T10:35:20","modified_gmt":"2021-02-10T10:35:20","slug":"scn4all","status":"publish","type":"page","link":"https:\/\/hello.emed4all.com\/en\/scn4all\/","title":{"rendered":"SCN4ALL"},"content":{"rendered":"<div class=\"wpb-content-wrapper\"><p>[vc_row css=&#8221;.vc_custom_1609172395662{margin-top: 26px !important;margin-bottom: 26px !important;}&#8221;][vc_column width=&#8221;1\/2&#8243;][vc_single_image image=&#8221;1897&#8243; img_size=&#8221;full&#8221; alignment=&#8221;center&#8221;][\/vc_column][vc_column width=&#8221;1\/2&#8243;][vc_column_text css=&#8221;.vc_custom_1612953314933{margin-top: 26px !important;}&#8221;]<\/p>\n<div class=\"col-md-6\">\n<h2>What is SCN4ALL?<\/h2>\n<p><span style=\"color: #333333;\">Scan For All is a complex monitoring system designed to monitor and analyse an individual&#8217;s health condition remotely even from far away.<\/span><\/p>\n<\/div>\n<p>[\/vc_column_text]<div class=\" ubtn-ctn-center \"><a class=\"ubtn-link ult-adjust-bottom-margin ubtn-center ubtn-custom \" href=\"http:\/\/okospulzoxi.hu\/\" target=\"_blank\" rel=\"noopener\" ><button type=\"button\" id=\"ubtn-8765\"  class=\"ubtn ult-adjust-bottom-margin ult-responsive ubtn-custom ubtn-no-hover-bg  ulta-hover  ubtn-center   tooltip-69e7adf5a672e\"  data-hover=\"#f2f2f2\" data-border-color=\"\" data-bg=\"#2998e7\" data-hover-bg=\"#1f567a\" data-border-hover=\"\" data-shadow-hover=\"\" data-shadow-click=\"none\" data-shadow=\"\" data-shd-shadow=\"\"  data-ultimate-target='#ubtn-8765'  data-responsive-json-new='{\"font-size\":\"\",\"line-height\":\"\"}'  style=\"font-family:&#039;Rubik&#039;;font-weight:500;width:400px;min-height:38px;padding:px px;border:none;background: #2998e7;color: #f7f7f7;\"><span class=\"ubtn-hover\" style=\"background-color:#1f567a\"><\/span><span class=\"ubtn-data ubtn-text \" >I want a pulse oximeter - okospulzoxi.hu<\/span><\/button><\/a><\/div>[\/vc_column][\/vc_row][vc_row full_width=&#8221;stretch_row&#8221; content_placement=&#8221;middle&#8221; bg_type=&#8221;bg_color&#8221; css=&#8221;.vc_custom_1609245570197{margin-top: 26px !important;margin-bottom: 26px !important;}&#8221; bg_color_value=&#8221;#fbe7da&#8221;][vc_column width=&#8221;1\/2&#8243;][vc_column_text css=&#8221;.vc_custom_1611731285845{margin-top: 26px !important;}&#8221;]<\/p>\n<div class=\"col-md-6\">\n<h2>Who do we recommend it to?<\/h2>\n<p><span style=\"color: #000000;\">SCN4ALL general health condition service is recommended fore everyone regarless of age and\/ or health condition.<\/span><\/p>\n<h3>More poeple experience a lack of attention during a traditional doctor&#8217;s visit.<\/h3>\n<p><span style=\"color: #000000;\">The health care system has been in critical condition for years and its load capacity is constantly getting worse. When doctors only have time for 5-10 minute visits about 1-2 times a year for patients with chronic diseases, a question arises whether or not they have the appropriate time and circumstances to make well thought diagnostic decisions.<\/span><\/p>\n<h3>Preventive, data-based treatment &#8211; we could warn you even before getting ill<\/h3>\n<p><span style=\"color: #000;\">We are committed to practice preventative medicine, as the early detection of risks, pathological lesions, and diseases can save lives and help to free up resources in healthcare systems. Withe the help of innovative products and services, we seek to reduce the cost of healthcare while improving the quality of care.<\/span><\/p>\n<\/div>\n<p>[\/vc_column_text][\/vc_column][vc_column width=&#8221;1\/2&#8243;][vc_single_image image=&#8221;1899&#8243; img_size=&#8221;full&#8221; alignment=&#8221;center&#8221;][\/vc_column][\/vc_row][vc_row full_width=&#8221;stretch_row&#8221; content_placement=&#8221;middle&#8221; css=&#8221;.vc_custom_1609174722687{margin-top: 16px !important;margin-bottom: 26px !important;}&#8221;][vc_column width=&#8221;1\/2&#8243;][vc_single_image image=&#8221;1890&#8243; img_size=&#8221;full&#8221; alignment=&#8221;center&#8221;][\/vc_column][vc_column width=&#8221;1\/2&#8243;][vc_column_text css=&#8221;.vc_custom_1611731363054{margin-top: 26px !important;}&#8221;]<\/p>\n<div class=\"col-md-6\">\n<div class=\"col-md-6\">\n<div class=\"col-sm-6\">\n<h2>What is it good for?<\/h2>\n<p><span style=\"color: #333333;\"><strong>Limited parameters while running atest can make it difficult to make an accurate diagnosis and suggest appropriate treatments.<\/strong><\/span><br \/>\n<span style=\"color: #333333;\">Currently, the most common way to monitor patients with hypertension is by measuring blood pressure on the upper arm. Significant results may be seen when using this method, however, this definitely does not show the whole picture of a heart&#8217;s cardiovasular functions. Treating patients this way could be like if a pilot was told to fly an aircraft and he\/ she is only given irregular altitude and velocity data.<\/span><\/p>\n<p><span style=\"color: #333333;\"><strong>Pulsewave-analysis: Monitoring cardiovascular function based on more than 30 parameters.<\/strong><\/span><br \/>\n<span style=\"color: #333333;\">Our research has shown that by the precize monitoring of heart functions, many signs and risks of diseases can be screened. The heart reacts to everything and it gives the whole picture of one&#8217;s overall health condition. After studying and systemtizing relevan medical literature, we now have the algorhythms to develop a new pulse-wave analysis sytem combined with a telemedicine system; something that has not been commonly used in medial practices. This allows us to track more than 30 parameters &#8211; wiht a simple 2-minute measurement each day &#8211; which includes blood vessel condition, vascular elasticity, or the dynamic functions of the heart helps in advance with facilitating risk assesment, therapy, and well as diagnostics.<\/span><\/p>\n<\/div>\n<\/div>\n<\/div>\n<p>[\/vc_column_text][\/vc_column][\/vc_row][vc_row full_width=&#8221;stretch_row&#8221; content_placement=&#8221;middle&#8221; css=&#8221;.vc_custom_1609174722687{margin-top: 16px !important;margin-bottom: 26px !important;}&#8221;][vc_column width=&#8221;1\/2&#8243;][vc_column_text css=&#8221;.vc_custom_1611731451676{margin-top: 26px !important;}&#8221;]<\/p>\n<div class=\"col-md-6\">\n<div class=\"col-md-6\">\n<div class=\"col-sm-6\">\n<h2>The system involves:<\/h2>\n<ul class=\"list\">\n<li><span style=\"color: #333333;\">a smart pulseoximeter (a special measuring device that connects to your phone via Bluetooth) <\/span><\/li>\n<li><span style=\"color: #333333;\">smartphone and the SCN4ALL app (Android or iOS)<\/span><\/li>\n<li><span style=\"color: #333333;\">cloud, where data is being uploaded<\/span><\/li>\n<li><span style=\"color: #333333;\">evaluation site<\/span><\/li>\n<\/ul>\n<p><span style=\"color: #333333;\">All of this is available from a comfortable environment &#8211; your home \u2013 and you doctor can see your results right after you take a measurement.<\/span><\/p>\n<\/div>\n<\/div>\n<\/div>\n<p>[\/vc_column_text]<div class=\" ubtn-ctn-center \"><a class=\"ubtn-link ult-adjust-bottom-margin ubtn-center ubtn-custom \" href=\"https:\/\/emed4all.com\/assets\/media\/pdfs\/PTGView-SCN4ALL.pdf\" target=\"_blank\" rel=\"noopener\" ><button type=\"button\" id=\"ubtn-4506\"  class=\"ubtn ult-adjust-bottom-margin ult-responsive ubtn-custom ubtn-no-hover-bg  ulta-hover  ubtn-center   tooltip-69e7adf5a687d\"  data-hover=\"#ffffff\" data-border-color=\"\" data-bg=\"#2998e7\" data-hover-bg=\"#1f567a\" data-border-hover=\"\" data-shadow-hover=\"\" data-shadow-click=\"none\" data-shadow=\"\" data-shd-shadow=\"\"  data-ultimate-target='#ubtn-4506'  data-responsive-json-new='{\"font-size\":\"\",\"line-height\":\"\"}'  style=\"font-family:&#039;Rubik&#039;;font-weight:500;width:400px;min-height:38px;padding:px px;border:none;background: #2998e7;color: #f7f7f7;\"><span class=\"ubtn-hover\" style=\"background-color:#1f567a\"><\/span><span class=\"ubtn-data ubtn-text \" >PTG View<\/span><\/button><\/a><\/div><div class=\" ubtn-ctn-center \"><a class=\"ubtn-link ult-adjust-bottom-margin ubtn-center ubtn-custom \" href=\"https:\/\/emed4all.com\/assets\/media\/pdfs\/HRVAnalysis-SCN4ALL.pdf\" target=\"_blank\" rel=\"noopener\" ><button type=\"button\" id=\"ubtn-8915\"  class=\"ubtn ult-adjust-bottom-margin ult-responsive ubtn-custom ubtn-no-hover-bg  ulta-hover  ubtn-center   tooltip-69e7adf5a6930\"  data-hover=\"#ffffff\" data-border-color=\"\" data-bg=\"#2998e7\" data-hover-bg=\"#1f567a\" data-border-hover=\"\" data-shadow-hover=\"\" data-shadow-click=\"none\" data-shadow=\"\" data-shd-shadow=\"\"  data-ultimate-target='#ubtn-8915'  data-responsive-json-new='{\"font-size\":\"\",\"line-height\":\"\"}'  style=\"font-family:&#039;Rubik&#039;;font-weight:500;width:400px;min-height:38px;padding:px px;border:none;background: #2998e7;color: #f7f7f7;\"><span class=\"ubtn-hover\" style=\"background-color:#1f567a\"><\/span><span class=\"ubtn-data ubtn-text \" >HRV Analisys<\/span><\/button><\/a><\/div>[\/vc_column][vc_column width=&#8221;1\/2&#8243;][vc_single_image image=&#8221;1900&#8243; img_size=&#8221;full&#8221; alignment=&#8221;center&#8221;][\/vc_column][\/vc_row][vc_row full_width=&#8221;stretch_row&#8221; equal_height=&#8221;yes&#8221; content_placement=&#8221;middle&#8221; bg_type=&#8221;image&#8221; parallax_style=&#8221;vcpb-default&#8221; bg_image_new=&#8221;id^1473|url^http:\/\/emed4all.ahsolaj.wdsite.hu\/wp-content\/uploads\/2020\/12\/question-block-bg2.png|caption^null|alt^null|title^question-block-bg2|description^null&#8221; bg_image_repeat=&#8221;no-repeat&#8221; bg_image_posiiton=&#8221;left&#8221; bg_override=&#8221;ex-full&#8221; css=&#8221;.vc_custom_1609245486845{margin-bottom: 26px !important;padding-top: 40px !important;}&#8221;][vc_column width=&#8221;1\/2&#8243;][vc_column_text css=&#8221;.vc_custom_1611731534889{margin-top: 10px !important;padding-bottom: 40px !important;}&#8221;]<\/p>\n<div class=\"col-md-6\">\n<div class=\"col-md-6\">\n<div class=\"col-sm-6\">\n<h2>What can I gain by using SCN4ALL?<\/h2>\n<ul class=\"list\">\n<li><span style=\"color: #333333;\"><strong>Accurate medical information<\/strong> &#8211; abnormal changes can be screened early by regular measurements which is helps in chronic illness prevention.<\/span><\/li>\n<li><span style=\"color: #333333;\"><strong>Early detection of illnesses<\/strong> &#8211; a rendszeres m\u00e9r\u00e9sekkel id\u0151ben kirajzol\u00f3dhatnak k\u00f3ros folyamatok, amelyeket kezelve megel\u0151zhet\u0151ek a s\u00falyosabb megbeteged\u00e9sek.<\/span><\/li>\n<li><span style=\"color: #333333;\"><strong>Efficient treatment<\/strong> &#8211; By using more than 30 medical parameters it is possible to monitor the effectiveness of the treatment itself, thus your doctor can constantly keep up with your process and even modify the treatment if necessary.<\/span><\/li>\n<\/ul>\n<\/div>\n<\/div>\n<\/div>\n<p>[\/vc_column_text][\/vc_column][vc_column width=&#8221;1\/2&#8243;][\/vc_column][\/vc_row]<\/p>\n<\/div>","protected":false},"excerpt":{"rendered":"<p>[vc_row css=&#8221;.vc_custom_1609172395662{margin-top: 26px !important;margin-bottom: 26px !important;}&#8221;][vc_column width=&#8221;1\/2&#8243;][vc_single_image image=&#8221;1897&#8243; img_size=&#8221;full&#8221; alignment=&#8221;center&#8221;][\/vc_column][vc_column width=&#8221;1\/2&#8243;][vc_column_text css=&#8221;.vc_custom_1612953314933{margin-top: 26px !important;}&#8221;] What is SCN4ALL? Scan For All is a complex monitoring system designed to monitor and analyse an individual&#8217;s health condition remotely even from far away. [\/vc_column_text][\/vc_column][\/vc_row][vc_row full_width=&#8221;stretch_row&#8221; content_placement=&#8221;middle&#8221; bg_type=&#8221;bg_color&#8221; css=&#8221;.vc_custom_1609245570197{margin-top: 26px !important;margin-bottom: 26px !important;}&#8221; bg_color_value=&#8221;#fbe7da&#8221;][vc_column width=&#8221;1\/2&#8243;][vc_column_text css=&#8221;.vc_custom_1611731285845{margin-top: 26px !important;}&#8221;] Who do&hellip;<\/p>\n","protected":false},"author":5,"featured_media":0,"parent":0,"menu_order":0,"comment_status":"closed","ping_status":"closed","template":"","meta":{"footnotes":""},"class_list":["post-1896","page","type-page","status-publish","hentry","description-off"],"yoast_head":"<!-- This site is optimized with the Yoast SEO Premium plugin v26.7 (Yoast SEO v26.7) - https:\/\/yoast.com\/wordpress\/plugins\/seo\/ -->\n<title>SCN4ALL - Emed4all<\/title>\n<meta name=\"robots\" content=\"index, follow, max-snippet:-1, max-image-preview:large, max-video-preview:-1\" \/>\n<link rel=\"canonical\" href=\"https:\/\/hello.emed4all.com\/scn4all\/\" \/>\n<meta property=\"og:locale\" content=\"en_US\" \/>\n<meta property=\"og:type\" content=\"article\" \/>\n<meta property=\"og:title\" content=\"SCN4ALL\" \/>\n<meta property=\"og:description\" content=\"[vc_row css=&#8221;.vc_custom_1609172395662{margin-top: 26px !important;margin-bottom: 26px !important;}&#8221;][vc_column width=&#8221;1\/2&#8243;][vc_single_image image=&#8221;1897&#8243; img_size=&#8221;full&#8221; alignment=&#8221;center&#8221;][\/vc_column][vc_column width=&#8221;1\/2&#8243;][vc_column_text css=&#8221;.vc_custom_1612953314933{margin-top: 26px !important;}&#8221;] What is SCN4ALL? Scan For All is a complex monitoring system designed to monitor and analyse an individual&#8217;s health condition remotely even from far away. [\/vc_column_text][\/vc_column][\/vc_row][vc_row full_width=&#8221;stretch_row&#8221; content_placement=&#8221;middle&#8221; bg_type=&#8221;bg_color&#8221; css=&#8221;.vc_custom_1609245570197{margin-top: 26px !important;margin-bottom: 26px !important;}&#8221; bg_color_value=&#8221;#fbe7da&#8221;][vc_column width=&#8221;1\/2&#8243;][vc_column_text css=&#8221;.vc_custom_1611731285845{margin-top: 26px !important;}&#8221;] Who do&hellip;\" \/>\n<meta property=\"og:url\" content=\"https:\/\/hello.emed4all.com\/scn4all\/\" \/>\n<meta property=\"og:site_name\" content=\"Emed4all\" \/>\n<meta property=\"article:modified_time\" content=\"2021-02-10T10:35:20+00:00\" \/>\n<meta name=\"twitter:card\" content=\"summary_large_image\" \/>\n<meta name=\"twitter:label1\" content=\"Est. reading time\" \/>\n\t<meta name=\"twitter:data1\" content=\"5 minutes\" \/>\n<script type=\"application\/ld+json\" class=\"yoast-schema-graph\">{\"@context\":\"https:\/\/schema.org\",\"@graph\":[{\"@type\":\"WebPage\",\"@id\":\"https:\/\/hello.emed4all.com\/scn4all\/\",\"url\":\"https:\/\/hello.emed4all.com\/scn4all\/\",\"name\":\"SCN4ALL - Emed4all\",\"isPartOf\":{\"@id\":\"https:\/\/hello.emed4all.com\/#website\"},\"datePublished\":\"2020-12-29T10:51:46+00:00\",\"dateModified\":\"2021-02-10T10:35:20+00:00\",\"breadcrumb\":{\"@id\":\"https:\/\/hello.emed4all.com\/scn4all\/#breadcrumb\"},\"inLanguage\":\"en-US\",\"potentialAction\":[{\"@type\":\"ReadAction\",\"target\":[\"https:\/\/hello.emed4all.com\/scn4all\/\"]}]},{\"@type\":\"BreadcrumbList\",\"@id\":\"https:\/\/hello.emed4all.com\/scn4all\/#breadcrumb\",\"itemListElement\":[{\"@type\":\"ListItem\",\"position\":1,\"name\":\"Home\",\"item\":\"https:\/\/hello.emed4all.com\/en\/\"},{\"@type\":\"ListItem\",\"position\":2,\"name\":\"SCN4ALL\"}]},{\"@type\":\"WebSite\",\"@id\":\"https:\/\/hello.emed4all.com\/#website\",\"url\":\"https:\/\/hello.emed4all.com\/\",\"name\":\"Emed4all\",\"description\":\"Peace of heart -from your home\",\"potentialAction\":[{\"@type\":\"SearchAction\",\"target\":{\"@type\":\"EntryPoint\",\"urlTemplate\":\"https:\/\/hello.emed4all.com\/?s={search_term_string}\"},\"query-input\":{\"@type\":\"PropertyValueSpecification\",\"valueRequired\":true,\"valueName\":\"search_term_string\"}}],\"inLanguage\":\"en-US\"}]}<\/script>\n<!-- \/ Yoast SEO Premium plugin. -->","yoast_head_json":{"title":"SCN4ALL - Emed4all","robots":{"index":"index","follow":"follow","max-snippet":"max-snippet:-1","max-image-preview":"max-image-preview:large","max-video-preview":"max-video-preview:-1"},"canonical":"https:\/\/hello.emed4all.com\/scn4all\/","og_locale":"en_US","og_type":"article","og_title":"SCN4ALL","og_description":"[vc_row css=&#8221;.vc_custom_1609172395662{margin-top: 26px !important;margin-bottom: 26px !important;}&#8221;][vc_column width=&#8221;1\/2&#8243;][vc_single_image image=&#8221;1897&#8243; img_size=&#8221;full&#8221; alignment=&#8221;center&#8221;][\/vc_column][vc_column width=&#8221;1\/2&#8243;][vc_column_text css=&#8221;.vc_custom_1612953314933{margin-top: 26px !important;}&#8221;] What is SCN4ALL? Scan For All is a complex monitoring system designed to monitor and analyse an individual&#8217;s health condition remotely even from far away. [\/vc_column_text][\/vc_column][\/vc_row][vc_row full_width=&#8221;stretch_row&#8221; content_placement=&#8221;middle&#8221; bg_type=&#8221;bg_color&#8221; css=&#8221;.vc_custom_1609245570197{margin-top: 26px !important;margin-bottom: 26px !important;}&#8221; bg_color_value=&#8221;#fbe7da&#8221;][vc_column width=&#8221;1\/2&#8243;][vc_column_text css=&#8221;.vc_custom_1611731285845{margin-top: 26px !important;}&#8221;] Who do&hellip;","og_url":"https:\/\/hello.emed4all.com\/scn4all\/","og_site_name":"Emed4all","article_modified_time":"2021-02-10T10:35:20+00:00","twitter_card":"summary_large_image","twitter_misc":{"Est. reading time":"5 minutes"},"schema":{"@context":"https:\/\/schema.org","@graph":[{"@type":"WebPage","@id":"https:\/\/hello.emed4all.com\/scn4all\/","url":"https:\/\/hello.emed4all.com\/scn4all\/","name":"SCN4ALL - Emed4all","isPartOf":{"@id":"https:\/\/hello.emed4all.com\/#website"},"datePublished":"2020-12-29T10:51:46+00:00","dateModified":"2021-02-10T10:35:20+00:00","breadcrumb":{"@id":"https:\/\/hello.emed4all.com\/scn4all\/#breadcrumb"},"inLanguage":"en-US","potentialAction":[{"@type":"ReadAction","target":["https:\/\/hello.emed4all.com\/scn4all\/"]}]},{"@type":"BreadcrumbList","@id":"https:\/\/hello.emed4all.com\/scn4all\/#breadcrumb","itemListElement":[{"@type":"ListItem","position":1,"name":"Home","item":"https:\/\/hello.emed4all.com\/en\/"},{"@type":"ListItem","position":2,"name":"SCN4ALL"}]},{"@type":"WebSite","@id":"https:\/\/hello.emed4all.com\/#website","url":"https:\/\/hello.emed4all.com\/","name":"Emed4all","description":"Peace of heart -from your home","potentialAction":[{"@type":"SearchAction","target":{"@type":"EntryPoint","urlTemplate":"https:\/\/hello.emed4all.com\/?s={search_term_string}"},"query-input":{"@type":"PropertyValueSpecification","valueRequired":true,"valueName":"search_term_string"}}],"inLanguage":"en-US"}]}},"_links":{"self":[{"href":"https:\/\/hello.emed4all.com\/en\/wp-json\/wp\/v2\/pages\/1896","targetHints":{"allow":["GET"]}}],"collection":[{"href":"https:\/\/hello.emed4all.com\/en\/wp-json\/wp\/v2\/pages"}],"about":[{"href":"https:\/\/hello.emed4all.com\/en\/wp-json\/wp\/v2\/types\/page"}],"author":[{"embeddable":true,"href":"https:\/\/hello.emed4all.com\/en\/wp-json\/wp\/v2\/users\/5"}],"replies":[{"embeddable":true,"href":"https:\/\/hello.emed4all.com\/en\/wp-json\/wp\/v2\/comments?post=1896"}],"version-history":[{"count":6,"href":"https:\/\/hello.emed4all.com\/en\/wp-json\/wp\/v2\/pages\/1896\/revisions"}],"predecessor-version":[{"id":2061,"href":"https:\/\/hello.emed4all.com\/en\/wp-json\/wp\/v2\/pages\/1896\/revisions\/2061"}],"wp:attachment":[{"href":"https:\/\/hello.emed4all.com\/en\/wp-json\/wp\/v2\/media?parent=1896"}],"curies":[{"name":"wp","href":"https:\/\/api.w.org\/{rel}","templated":true}]}}